{"id":160,"date":"2021-04-10T13:38:14","date_gmt":"2021-04-10T13:38:14","guid":{"rendered":"https:\/\/transition-and-grow.com\/?page_id=160"},"modified":"2023-05-01T13:38:51","modified_gmt":"2023-05-01T13:38:51","slug":"contact","status":"publish","type":"page","link":"https:\/\/transition-and-grow.com\/de\/contact\/","title":{"rendered":"Kontakt"},"content":{"rendered":"<div data-elementor-type=\"wp-page\" data-elementor-id=\"160\" class=\"elementor elementor-160\">\n\t\t\t\t\t\t<section class=\"elementor-section elementor-top-section elementor-element elementor-element-6b95a262 elementor-section-boxed elementor-section-height-default elementor-section-height-default\" data-id=\"6b95a262\" data-element_type=\"section\" data-e-type=\"section\" data-settings=\"{&quot;background_background&quot;:&quot;classic&quot;}\">\n\t\t\t\t\t\t<div class=\"elementor-container elementor-column-gap-default\">\n\t\t\t\t\t<div class=\"elementor-column elementor-col-100 elementor-top-column elementor-element elementor-element-2fabcff7\" data-id=\"2fabcff7\" data-element_type=\"column\" data-e-type=\"column\" data-settings=\"{&quot;background_background&quot;:&quot;classic&quot;}\">\n\t\t\t<div class=\"elementor-widget-wrap elementor-element-populated\">\n\t\t\t\t\t\t<div class=\"elementor-element elementor-element-c8ee5d elementor-widget elementor-widget-heading\" data-id=\"c8ee5d\" data-element_type=\"widget\" data-e-type=\"widget\" data-widget_type=\"heading.default\">\n\t\t\t\t<div class=\"elementor-widget-container\">\n\t\t\t\t\t<h2 class=\"elementor-heading-title elementor-size-default\">Kontakt<\/h2>\t\t\t\t<\/div>\n\t\t\t\t<\/div>\n\t\t\t\t\t<\/div>\n\t\t<\/div>\n\t\t\t\t\t<\/div>\n\t\t<\/section>\n\t\t\t\t<section class=\"elementor-section elementor-top-section elementor-element elementor-element-5a0adf3 elementor-section-boxed elementor-section-height-default elementor-section-height-default\" data-id=\"5a0adf3\" data-element_type=\"section\" data-e-type=\"section\" data-settings=\"{&quot;background_background&quot;:&quot;classic&quot;}\">\n\t\t\t\t\t\t<div class=\"elementor-container elementor-column-gap-default\">\n\t\t\t\t\t<div class=\"elementor-column elementor-col-100 elementor-top-column elementor-element elementor-element-9f08551\" data-id=\"9f08551\" data-element_type=\"column\" data-e-type=\"column\">\n\t\t\t<div class=\"elementor-widget-wrap elementor-element-populated\">\n\t\t\t\t\t\t<section class=\"elementor-section elementor-top-section elementor-element elementor-element-eafc317 elementor-section-full_width elementor-section-height-default elementor-section-height-default\" data-id=\"eafc317\" data-element_type=\"section\" data-e-type=\"section\" data-settings=\"{&quot;background_background&quot;:&quot;classic&quot;}\">\n\t\t\t\t\t\t<div class=\"elementor-container elementor-column-gap-default\">\n\t\t\t\t\t<div class=\"elementor-column elementor-col-50 elementor-top-column elementor-element elementor-element-d8fe08d animated-slow elementor-invisible\" data-id=\"d8fe08d\" data-element_type=\"column\" data-e-type=\"column\" data-settings=\"{&quot;background_background&quot;:&quot;classic&quot;,&quot;animation&quot;:&quot;fadeIn&quot;}\">\n\t\t\t<div class=\"elementor-widget-wrap elementor-element-populated\">\n\t\t\t\t\t<div class=\"elementor-background-overlay\"><\/div>\n\t\t\t\t\t\t<div class=\"elementor-element elementor-element-a5ca535 elementor-invisible elementor-widget elementor-widget-text-editor\" data-id=\"a5ca535\" data-element_type=\"widget\" data-e-type=\"widget\" data-settings=\"{&quot;_animation&quot;:&quot;fadeIn&quot;}\" data-widget_type=\"text-editor.default\">\n\t\t\t\t<div class=\"elementor-widget-container\">\n\t\t\t\t\t\t\t\t\t<p>Wenn Du Dich von meinem Angebot angesprochen f\u00fchlst, kannst Du mich gerne per Mail kontaktieren. Dann vereinbaren wir ein unverbindliches Gespr\u00e4ch. F\u00fcr das 1:1 Coaching beschreibe bitte in Deiner Nachricht auch kurz Deine Situation und Ziele.<\/p>\n<p>Ich freue mich auf Deine Nachricht!<\/p>\t\t\t\t\t\t\t\t<\/div>\n\t\t\t\t<\/div>\n\t\t\t\t\t<\/div>\n\t\t<\/div>\n\t\t\t\t<div class=\"elementor-column elementor-col-50 elementor-top-column elementor-element elementor-element-7c5b7c1 animated-slow elementor-invisible\" data-id=\"7c5b7c1\" data-element_type=\"column\" data-e-type=\"column\" data-settings=\"{&quot;background_background&quot;:&quot;classic&quot;,&quot;animation&quot;:&quot;fadeIn&quot;}\">\n\t\t\t<div class=\"elementor-widget-wrap elementor-element-populated\">\n\t\t\t\t\t<div class=\"elementor-background-overlay\"><\/div>\n\t\t\t\t\t\t<div class=\"elementor-element elementor-element-2a0b75f elementor-invisible elementor-widget elementor-widget-heading\" data-id=\"2a0b75f\" data-element_type=\"widget\" data-e-type=\"widget\" data-settings=\"{&quot;_animation&quot;:&quot;fadeIn&quot;}\" data-widget_type=\"heading.default\">\n\t\t\t\t<div class=\"elementor-widget-container\">\n\t\t\t\t\t<h2 class=\"elementor-heading-title elementor-size-default\">Dr. Phuong Glaser<\/h2>\t\t\t\t<\/div>\n\t\t\t\t<\/div>\n\t\t\t\t<div class=\"elementor-element elementor-element-91efdfd elementor-invisible elementor-widget elementor-widget-text-editor\" data-id=\"91efdfd\" data-element_type=\"widget\" data-e-type=\"widget\" data-settings=\"{&quot;_animation&quot;:&quot;fadeIn&quot;}\" data-widget_type=\"text-editor.default\">\n\t\t\t\t<div class=\"elementor-widget-container\">\n\t\t\t\t\t\t\t\t\t<p>Tannenweg 23<\/p><p>50389 Wesseling<\/p><p><a href=\"mailto:mail@transition-and-grow.com\">mail@transition-and-grow.com<\/a><\/p>\t\t\t\t\t\t\t\t<\/div>\n\t\t\t\t<\/div>\n\t\t\t\t\t<\/div>\n\t\t<\/div>\n\t\t\t\t\t<\/div>\n\t\t<\/section>\n\t\t\t\t\t<\/div>\n\t\t<\/div>\n\t\t\t\t\t<\/div>\n\t\t<\/section>\n\t\t\t\t<\/div>","protected":false},"excerpt":{"rendered":"<p>Let&#8217;s get in touch! If you are interested in my services, do get in touch via email to set up a free telephone consultation with me. For 1:1 coaching, please include in your message a brief description of your goals and situation. I look forward to hearing from you. Dr. Phuong Glaser Tannenweg 23 50389 [&hellip;]<\/p>\n","protected":false},"author":1,"featured_media":0,"parent":0,"menu_order":0,"comment_status":"closed","ping_status":"closed","template":"","meta":{"ocean_post_layout":"full-screen","ocean_both_sidebars_style":"","ocean_both_sidebars_content_width":0,"ocean_both_sidebars_sidebars_width":0,"ocean_sidebar":"0","ocean_second_sidebar":"0","ocean_disable_margins":"enable","ocean_add_body_class":"","ocean_shortcode_before_top_bar":"","ocean_shortcode_after_top_bar":"","ocean_shortcode_before_header":"","ocean_shortcode_after_header":"","ocean_has_shortcode":"","ocean_shortcode_after_title":"","ocean_shortcode_before_footer_widgets":"","ocean_shortcode_after_footer_widgets":"","ocean_shortcode_before_footer_bottom":"","ocean_shortcode_after_footer_bottom":"","ocean_display_top_bar":"off","ocean_display_header":"on","ocean_header_style":"","ocean_center_header_left_menu":"0","ocean_custom_header_template":"0","ocean_custom_logo":0,"ocean_custom_retina_logo":0,"ocean_custom_logo_max_width":0,"ocean_custom_logo_tablet_max_width":0,"ocean_custom_logo_mobile_max_width":0,"ocean_custom_logo_max_height":0,"ocean_custom_logo_tablet_max_height":0,"ocean_custom_logo_mobile_max_height":0,"ocean_header_custom_menu":"4","ocean_menu_typo_font_family":"0","ocean_menu_typo_font_subset":"","ocean_menu_typo_font_size":0,"ocean_menu_typo_font_size_tablet":0,"ocean_menu_typo_font_size_mobile":0,"ocean_menu_typo_font_size_unit":"px","ocean_menu_typo_font_weight":"","ocean_menu_typo_font_weight_tablet":"","ocean_menu_typo_font_weight_mobile":"","ocean_menu_typo_transform":"","ocean_menu_typo_transform_tablet":"","ocean_menu_typo_transform_mobile":"","ocean_menu_typo_line_height":0,"ocean_menu_typo_line_height_tablet":0,"ocean_menu_typo_line_height_mobile":0,"ocean_menu_typo_line_height_unit":"","ocean_menu_typo_spacing":0,"ocean_menu_typo_spacing_tablet":0,"ocean_menu_typo_spacing_mobile":0,"ocean_menu_typo_spacing_unit":"","ocean_menu_link_color":"","ocean_menu_link_color_hover":"","ocean_menu_link_color_active":"","ocean_menu_link_background":"","ocean_menu_link_hover_background":"","ocean_menu_link_active_background":"","ocean_menu_social_links_bg":"","ocean_menu_social_hover_links_bg":"","ocean_menu_social_links_color":"","ocean_menu_social_hover_links_color":"","ocean_disable_title":"on","ocean_disable_heading":"default","ocean_post_title":"","ocean_post_subheading":"","ocean_post_title_style":"","ocean_post_title_background_color":"","ocean_post_title_background":0,"ocean_post_title_bg_image_position":"","ocean_post_title_bg_image_attachment":"","ocean_post_title_bg_image_repeat":"","ocean_post_title_bg_image_size":"","ocean_post_title_height":0,"ocean_post_title_bg_overlay":0.5,"ocean_post_title_bg_overlay_color":"","ocean_disable_breadcrumbs":"default","ocean_breadcrumbs_color":"","ocean_breadcrumbs_separator_color":"","ocean_breadcrumbs_links_color":"","ocean_breadcrumbs_links_hover_color":"","ocean_display_footer_widgets":"off","ocean_display_footer_bottom":"off","ocean_custom_footer_template":"0","footnotes":""},"class_list":["post-160","page","type-page","status-publish","hentry","entry"],"yoast_head":"<!-- This site is optimized with the Yoast SEO plugin v27.5 - https:\/\/yoast.com\/product\/yoast-seo-wordpress\/ -->\n<title>Contact - Transition and Grow - Coaching | Training<\/title>\n<meta name=\"robots\" content=\"index, follow, max-snippet:-1, max-image-preview:large, max-video-preview:-1\" \/>\n<link rel=\"canonical\" href=\"https:\/\/transition-and-grow.com\/de\/contact\/\" \/>\n<meta property=\"og:locale\" content=\"de_DE\" \/>\n<meta property=\"og:type\" content=\"article\" \/>\n<meta property=\"og:title\" content=\"Contact - Transition and Grow - Coaching | Training\" \/>\n<meta property=\"og:description\" content=\"Let&#8217;s get in touch! If you are interested in my services, do get in touch via email to set up a free telephone consultation with me. For 1:1 coaching, please include in your message a brief description of your goals and situation. I look forward to hearing from you. Dr. Phuong Glaser Tannenweg 23 50389 [&hellip;]\" \/>\n<meta property=\"og:url\" content=\"https:\/\/transition-and-grow.com\/de\/contact\/\" \/>\n<meta property=\"og:site_name\" content=\"Transition and Grow - Coaching | Training\" \/>\n<meta property=\"article:modified_time\" content=\"2023-05-01T13:38:51+00:00\" \/>\n<meta name=\"twitter:card\" content=\"summary_large_image\" \/>\n<meta name=\"twitter:label1\" content=\"Gesch\u00e4tzte Lesezeit\" \/>\n\t<meta name=\"twitter:data1\" content=\"1\u00a0Minute\" \/>\n<script type=\"application\/ld+json\" class=\"yoast-schema-graph\">{\"@context\":\"https:\\\/\\\/schema.org\",\"@graph\":[{\"@type\":\"WebPage\",\"@id\":\"https:\\\/\\\/transition-and-grow.com\\\/contact\\\/\",\"url\":\"https:\\\/\\\/transition-and-grow.com\\\/contact\\\/\",\"name\":\"Contact - Transition and Grow - Coaching | Training\",\"isPartOf\":{\"@id\":\"https:\\\/\\\/transition-and-grow.com\\\/#website\"},\"datePublished\":\"2021-04-10T13:38:14+00:00\",\"dateModified\":\"2023-05-01T13:38:51+00:00\",\"breadcrumb\":{\"@id\":\"https:\\\/\\\/transition-and-grow.com\\\/contact\\\/#breadcrumb\"},\"inLanguage\":\"de\",\"potentialAction\":[{\"@type\":\"ReadAction\",\"target\":[\"https:\\\/\\\/transition-and-grow.com\\\/contact\\\/\"]}]},{\"@type\":\"BreadcrumbList\",\"@id\":\"https:\\\/\\\/transition-and-grow.com\\\/contact\\\/#breadcrumb\",\"itemListElement\":[{\"@type\":\"ListItem\",\"position\":1,\"name\":\"Startseite\",\"item\":\"https:\\\/\\\/transition-and-grow.com\\\/\"},{\"@type\":\"ListItem\",\"position\":2,\"name\":\"Contact\"}]},{\"@type\":\"WebSite\",\"@id\":\"https:\\\/\\\/transition-and-grow.com\\\/#website\",\"url\":\"https:\\\/\\\/transition-and-grow.com\\\/\",\"name\":\"Transition and Grow - Coaching | Training\",\"description\":\"My first website\",\"publisher\":{\"@id\":\"https:\\\/\\\/transition-and-grow.com\\\/#organization\"},\"potentialAction\":[{\"@type\":\"SearchAction\",\"target\":{\"@type\":\"EntryPoint\",\"urlTemplate\":\"https:\\\/\\\/transition-and-grow.com\\\/?s={search_term_string}\"},\"query-input\":{\"@type\":\"PropertyValueSpecification\",\"valueRequired\":true,\"valueName\":\"search_term_string\"}}],\"inLanguage\":\"de\"},{\"@type\":\"Organization\",\"@id\":\"https:\\\/\\\/transition-and-grow.com\\\/#organization\",\"name\":\"Transition and Grow - Coaching | Training\",\"url\":\"https:\\\/\\\/transition-and-grow.com\\\/\",\"logo\":{\"@type\":\"ImageObject\",\"inLanguage\":\"de\",\"@id\":\"https:\\\/\\\/transition-and-grow.com\\\/#\\\/schema\\\/logo\\\/image\\\/\",\"url\":\"https:\\\/\\\/transition-and-grow.com\\\/wp-content\\\/uploads\\\/2021\\\/04\\\/cropped-logo_Transition-and-Grow_large_4.png\",\"contentUrl\":\"https:\\\/\\\/transition-and-grow.com\\\/wp-content\\\/uploads\\\/2021\\\/04\\\/cropped-logo_Transition-and-Grow_large_4.png\",\"width\":881,\"height\":195,\"caption\":\"Transition and Grow - Coaching | Training\"},\"image\":{\"@id\":\"https:\\\/\\\/transition-and-grow.com\\\/#\\\/schema\\\/logo\\\/image\\\/\"}}]}<\/script>\n<!-- \/ Yoast SEO plugin. -->","yoast_head_json":{"title":"Contact - Transition and Grow - Coaching | Training","robots":{"index":"index","follow":"follow","max-snippet":"max-snippet:-1","max-image-preview":"max-image-preview:large","max-video-preview":"max-video-preview:-1"},"canonical":"https:\/\/transition-and-grow.com\/de\/contact\/","og_locale":"de_DE","og_type":"article","og_title":"Contact - Transition and Grow - Coaching | Training","og_description":"Let&#8217;s get in touch! If you are interested in my services, do get in touch via email to set up a free telephone consultation with me. For 1:1 coaching, please include in your message a brief description of your goals and situation. I look forward to hearing from you. Dr. Phuong Glaser Tannenweg 23 50389 [&hellip;]","og_url":"https:\/\/transition-and-grow.com\/de\/contact\/","og_site_name":"Transition and Grow - Coaching | Training","article_modified_time":"2023-05-01T13:38:51+00:00","twitter_card":"summary_large_image","twitter_misc":{"Gesch\u00e4tzte Lesezeit":"1\u00a0Minute"},"schema":{"@context":"https:\/\/schema.org","@graph":[{"@type":"WebPage","@id":"https:\/\/transition-and-grow.com\/contact\/","url":"https:\/\/transition-and-grow.com\/contact\/","name":"Contact - Transition and Grow - Coaching | Training","isPartOf":{"@id":"https:\/\/transition-and-grow.com\/#website"},"datePublished":"2021-04-10T13:38:14+00:00","dateModified":"2023-05-01T13:38:51+00:00","breadcrumb":{"@id":"https:\/\/transition-and-grow.com\/contact\/#breadcrumb"},"inLanguage":"de","potentialAction":[{"@type":"ReadAction","target":["https:\/\/transition-and-grow.com\/contact\/"]}]},{"@type":"BreadcrumbList","@id":"https:\/\/transition-and-grow.com\/contact\/#breadcrumb","itemListElement":[{"@type":"ListItem","position":1,"name":"Startseite","item":"https:\/\/transition-and-grow.com\/"},{"@type":"ListItem","position":2,"name":"Contact"}]},{"@type":"WebSite","@id":"https:\/\/transition-and-grow.com\/#website","url":"https:\/\/transition-and-grow.com\/","name":"Transition and Grow - Coaching | Training","description":"My first website","publisher":{"@id":"https:\/\/transition-and-grow.com\/#organization"},"potentialAction":[{"@type":"SearchAction","target":{"@type":"EntryPoint","urlTemplate":"https:\/\/transition-and-grow.com\/?s={search_term_string}"},"query-input":{"@type":"PropertyValueSpecification","valueRequired":true,"valueName":"search_term_string"}}],"inLanguage":"de"},{"@type":"Organization","@id":"https:\/\/transition-and-grow.com\/#organization","name":"Transition and Grow - Coaching | Training","url":"https:\/\/transition-and-grow.com\/","logo":{"@type":"ImageObject","inLanguage":"de","@id":"https:\/\/transition-and-grow.com\/#\/schema\/logo\/image\/","url":"https:\/\/transition-and-grow.com\/wp-content\/uploads\/2021\/04\/cropped-logo_Transition-and-Grow_large_4.png","contentUrl":"https:\/\/transition-and-grow.com\/wp-content\/uploads\/2021\/04\/cropped-logo_Transition-and-Grow_large_4.png","width":881,"height":195,"caption":"Transition and Grow - Coaching | Training"},"image":{"@id":"https:\/\/transition-and-grow.com\/#\/schema\/logo\/image\/"}}]}},"_links":{"self":[{"href":"https:\/\/transition-and-grow.com\/de\/wp-json\/wp\/v2\/pages\/160","targetHints":{"allow":["GET"]}}],"collection":[{"href":"https:\/\/transition-and-grow.com\/de\/wp-json\/wp\/v2\/pages"}],"about":[{"href":"https:\/\/transition-and-grow.com\/de\/wp-json\/wp\/v2\/types\/page"}],"author":[{"embeddable":true,"href":"https:\/\/transition-and-grow.com\/de\/wp-json\/wp\/v2\/users\/1"}],"replies":[{"embeddable":true,"href":"https:\/\/transition-and-grow.com\/de\/wp-json\/wp\/v2\/comments?post=160"}],"version-history":[{"count":46,"href":"https:\/\/transition-and-grow.com\/de\/wp-json\/wp\/v2\/pages\/160\/revisions"}],"predecessor-version":[{"id":1407,"href":"https:\/\/transition-and-grow.com\/de\/wp-json\/wp\/v2\/pages\/160\/revisions\/1407"}],"wp:attachment":[{"href":"https:\/\/transition-and-grow.com\/de\/wp-json\/wp\/v2\/media?parent=160"}],"curies":[{"name":"wp","href":"https:\/\/api.w.org\/{rel}","templated":true}]}}